{"id":144,"date":"2013-03-04T21:26:43","date_gmt":"2013-03-04T19:26:43","guid":{"rendered":"http:\/\/unique-bicycles.de\/?page_id=144"},"modified":"2019-06-10T10:16:49","modified_gmt":"2019-06-10T08:16:49","slug":"biographie","status":"publish","type":"page","link":"https:\/\/unique-bicycles.de\/?page_id=144","title":{"rendered":"Biographie"},"content":{"rendered":"<p>Mein Name ist S\u00f6ren Marx. Ich baue Fahrr\u00e4der aus Leidenschaft und Stahl.<\/p>\n<h3>Wie alles begann<\/h3>\n<p>Das Fahrrad begleitet mich ein Leben lang. Seit meiner Jugend bin ich seiner Faszination erlegen. Mit vierzehn Jahren trat ich als junger Rennfahrer in Leipzig dem Radsportverein BSG \u201eMotor Polygraph Ost\u201c bei: Flirrende Speichen und surrende Ketten hatten mich in ihren Bann gezogen und f\u00fchrten schon damals zur Gr\u00fcndung der fiktiven Marke \u201eCicli S\u00f6ren Marx\u201c. Zwar entstanden noch keine Rahmen, jedoch wurde mir schnell klar: Neben der Freude am Fahren war es vor allem die Freude am T\u00fcfteln, die ich am Fahrrad ausleben konnte.<\/p>\n<p>Als Maschinenanlagenmonteur \u2013 eine Lehrstelle zum Zweiradmechaniker lie\u00df sich nicht finden \u2013 lernte ich den Umgang mit Feile und Schwei\u00dfbrenner, dann wechselte ich in die Werkstatt eines Leipziger Fahrradgesch\u00e4fts. Endlich schrauben! Hier lernte ich auch den legend\u00e4ren ostdeutschen Rahmenbauer Hans Kochlik kennen, der noch mit Paul Rinkowsky zusammengearbeitet und die Wettkampfrahmen f\u00fcr die DDR-Nationalmannschaft gebaut hatte. Mit seiner Unterst\u00fctzung entstand 1994 mein erster, selbst gebauter Fahrradrahmen. Ich war infiziert. Fortan folgte mein Leben dem Dreiklang Rahmenbauer, Mechaniker und Fahrradkurier. Dem Meisterbrief als Zweiradmechaniker im Jahr 2002 folgte ein Jahr in der Werkstatt des franz\u00f6sischen Rahmenbauers Francois Coponet bei Rando-Cycles in Paris, wo ich Randonneurrahmen vervollst\u00e4ndigte und Gep\u00e4cktr\u00e4ger f\u00fcr die eleganten R\u00e4der baute.<\/p>\n<p>Seit 2004 bin ich Mechaniker in der Werkstatt des Bike Department Ost in Leipzig, im Jahre 2005 gr\u00fcndete ich das Label \u201eUnique Bicycles\u201c. Seitdem befruchten sich der Rahmenbau und meine Mechanikert\u00e4tigkeit fortlaufend. Durch die Arbeit im Fahrradgesch\u00e4ft bin ich stetig im Kontakt mit aktueller Gro\u00dfserientechnik, erlebe ihre Eigenheiten und T\u00fccken und kann genau beobachten, welche L\u00f6sungen sich im Alltag bew\u00e4hren und wo Fallstricke lauern. Dieses Wissen und die Kenntnis vieler Radbiografien unserer Kunden erlauben es mir, unter dem Label Unique Cycles neue, individuelle Wege im Rahmenbau zu gehen und wirklich ma\u00dfgeschneiderte Fahrradrahmen und Fahrr\u00e4der zu bauen, die h\u00f6chsten Anspr\u00fcchen gen\u00fcgen. Zudem kann ich durch die guten Beziehungen zu vielen Komponentenfirmen \u201eUnique\u201c Rahmen auch als Komplettr\u00e4der ausliefern.<\/p>\n<div id='gallery-1' class='gallery galleryid-144 gallery-columns-4 gallery-size-thumbnail'><dl class='gallery-item'>\n\t\t\t<dt class='gallery-icon landscape'>\n\t\t\t\t<a href='https:\/\/unique-bicycles.de\/wp-content\/uploads\/2019\/06\/MTB_Rahmen_Unique_2016_bearb-90-1600x1067.jpg'><img loading=\"lazy\" decoding=\"async\" width=\"150\" height=\"100\" src=\"https:\/\/unique-bicycles.de\/wp-content\/uploads\/2019\/06\/MTB_Rahmen_Unique_2016_bearb-90-150x100.jpg\" class=\"attachment-thumbnail size-thumbnail\" alt=\"\" srcset=\"https:\/\/unique-bicycles.de\/wp-content\/uploads\/2019\/06\/MTB_Rahmen_Unique_2016_bearb-90-150x100.jpg 150w, https:\/\/unique-bicycles.de\/wp-content\/uploads\/2019\/06\/MTB_Rahmen_Unique_2016_bearb-90-300x200.jpg 300w, https:\/\/unique-bicycles.de\/wp-content\/uploads\/2019\/06\/MTB_Rahmen_Unique_2016_bearb-90-768x512.jpg 768w, https:\/\/unique-bicycles.de\/wp-content\/uploads\/2019\/06\/MTB_Rahmen_Unique_2016_bearb-90.jpg 1600w, https:\/\/unique-bicycles.de\/wp-content\/uploads\/2019\/06\/MTB_Rahmen_Unique_2016_bearb-90-830x554.jpg 830w\" sizes=\"auto, (max-width: 150px) 100vw, 150px\" \/><\/a>\n\t\t\t<\/dt><\/dl><dl class='gallery-item'>\n\t\t\t<dt class='gallery-icon portrait'>\n\t\t\t\t<a href='https:\/\/unique-bicycles.de\/wp-content\/uploads\/2013\/08\/leipzig-Auenwald.jpg'><img loading=\"lazy\" decoding=\"async\" width=\"108\" height=\"150\" src=\"https:\/\/unique-bicycles.de\/wp-content\/uploads\/2013\/08\/leipzig-Auenwald-108x150.jpg\" class=\"attachment-thumbnail size-thumbnail\" alt=\"\" srcset=\"https:\/\/unique-bicycles.de\/wp-content\/uploads\/2013\/08\/leipzig-Auenwald-108x150.jpg 108w, https:\/\/unique-bicycles.de\/wp-content\/uploads\/2013\/08\/leipzig-Auenwald-216x300.jpg 216w, https:\/\/unique-bicycles.de\/wp-content\/uploads\/2013\/08\/leipzig-Auenwald-433x600.jpg 433w, https:\/\/unique-bicycles.de\/wp-content\/uploads\/2013\/08\/leipzig-Auenwald.jpg 803w\" sizes=\"auto, (max-width: 108px) 100vw, 108px\" \/><\/a>\n\t\t\t<\/dt><\/dl><dl class='gallery-item'>\n\t\t\t<dt class='gallery-icon portrait'>\n\t\t\t\t<a href='https:\/\/unique-bicycles.de\/wp-content\/uploads\/2019\/06\/Unique-Downhill-Magavalanche-798x1200.jpg'><img loading=\"lazy\" decoding=\"async\" width=\"100\" height=\"150\" src=\"https:\/\/unique-bicycles.de\/wp-content\/uploads\/2019\/06\/Unique-Downhill-Magavalanche-100x150.jpg\" class=\"attachment-thumbnail size-thumbnail\" alt=\"\" srcset=\"https:\/\/unique-bicycles.de\/wp-content\/uploads\/2019\/06\/Unique-Downhill-Magavalanche-100x150.jpg 100w, https:\/\/unique-bicycles.de\/wp-content\/uploads\/2019\/06\/Unique-Downhill-Magavalanche-199x300.jpg 199w, https:\/\/unique-bicycles.de\/wp-content\/uploads\/2019\/06\/Unique-Downhill-Magavalanche-768x1155.jpg 768w, https:\/\/unique-bicycles.de\/wp-content\/uploads\/2019\/06\/Unique-Downhill-Magavalanche-798x1200.jpg 798w, https:\/\/unique-bicycles.de\/wp-content\/uploads\/2019\/06\/Unique-Downhill-Magavalanche-399x600.jpg 399w, https:\/\/unique-bicycles.de\/wp-content\/uploads\/2019\/06\/Unique-Downhill-Magavalanche.jpg 2000w\" sizes=\"auto, (max-width: 100px) 100vw, 100px\" \/><\/a>\n\t\t\t<\/dt><\/dl>\n\t\t\t<br style='clear: both' \/>\n\t\t<\/div>\n\n","protected":false},"excerpt":{"rendered":"<p>Mein Name ist S\u00f6ren Marx. Ich baue Fahrr\u00e4der aus Leidenschaft und Stahl. Wie alles begann Das Fahrrad begleitet mich ein Leben lang. Seit meiner Jugend bin ich seiner Faszination erlegen. Mit vierzehn Jahren trat ich als junger Rennfahrer in Leipzig dem Radsportverein BSG \u201eMotor Polygraph Ost\u201c bei: Flirrende Speichen und surrende Ketten hatten mich in [&hellip;]<\/p>\n","protected":false},"author":1,"featured_media":0,"parent":0,"menu_order":0,"comment_status":"open","ping_status":"open","template":"","meta":{"footnotes":""},"class_list":["post-144","page","type-page","status-publish","hentry"],"_links":{"self":[{"href":"https:\/\/unique-bicycles.de\/index.php?rest_route=\/wp\/v2\/pages\/144","targetHints":{"allow":["GET"]}}],"collection":[{"href":"https:\/\/unique-bicycles.de\/index.php?rest_route=\/wp\/v2\/pages"}],"about":[{"href":"https:\/\/unique-bicycles.de\/index.php?rest_route=\/wp\/v2\/types\/page"}],"author":[{"embeddable":true,"href":"https:\/\/unique-bicycles.de\/index.php?rest_route=\/wp\/v2\/users\/1"}],"replies":[{"embeddable":true,"href":"https:\/\/unique-bicycles.de\/index.php?rest_route=%2Fwp%2Fv2%2Fcomments&post=144"}],"version-history":[{"count":13,"href":"https:\/\/unique-bicycles.de\/index.php?rest_route=\/wp\/v2\/pages\/144\/revisions"}],"predecessor-version":[{"id":520,"href":"https:\/\/unique-bicycles.de\/index.php?rest_route=\/wp\/v2\/pages\/144\/revisions\/520"}],"wp:attachment":[{"href":"https:\/\/unique-bicycles.de\/index.php?rest_route=%2Fwp%2Fv2%2Fmedia&parent=144"}],"curies":[{"name":"wp","href":"https:\/\/api.w.org\/{rel}","templated":true}]}}