{"id":492,"date":"2018-05-25T09:13:07","date_gmt":"2018-05-25T07:13:07","guid":{"rendered":"http:\/\/unique-bicycles.de\/?page_id=492"},"modified":"2018-05-25T09:32:36","modified_gmt":"2018-05-25T07:32:36","slug":"datenschutzerklaerung","status":"publish","type":"page","link":"https:\/\/unique-bicycles.de\/?page_id=492","title":{"rendered":"Datenschutzerkl\u00e4rung"},"content":{"rendered":"<p>Die Adresse meiner Website ist: https:\/\/unique-bicycles.de.<br \/>\nMein Name ist S\u00f6ren Marx, ich baue Stahlrahmen nach Ma\u00df und aus Leidenschaft. Mehr Informationen finden Sie im <a href=\"http:\/\/unique-bicycles.de\/?page_id=11\">Impressum<\/a>.<\/p>\n<p>Auch wenn diese Webseite nicht aktiv personenbezogenen Daten verarbeitet m\u00f6chte ich Sie auf folgende Punkte hinweisen. Grunds\u00e4tzlich gilt: Erst, wenn Sie mit mir Kontakt aufnehmen erhalte ich personenbezogene Daten wie ihre Telefonnummer oder E-Mailadresse, Gewicht oder K\u00f6rpergr\u00f6\u00dfe. Diese Daten werden ben\u00f6tigt, um meine Dienstleistungen bestm\u00f6glich anzubieten. Sofern die Zweckbestimmung der Daten erf\u00fcllt ist, werden ihre personenbezogenen Daten von mir gel\u00f6scht.<\/p>\n<h2>Cookies<\/h2>\n<p>Diese Seite verwendet Cookies &#8211; kleine Textdateien, die auf ihrem Computer abgelegt werden um die Nutzung der Webseite zu verbessern. Allgemein werden Cookies\u00a0 verwendet, um Usereinstellungen abzuspeichern. Falls Sie dies nicht w\u00fcnschen, k\u00f6nnen Sie Cookies jederzeit deaktivieren &#8211; der effektivste Weg dabei ist, dies direkt in ihrem Browser zu tun. F\u00fcr weitere Fragen\u00a0 empfehle ich Ihnen den Hilfebereich der Seite <a href=\"https:\/\/www.aboutcookies.org\" target=\"_blank\" rel=\"noopener\">About Cookies<\/a> Webseite.<\/p>\n<h2>L\u00f6schen von Daten<\/h2>\n<p>Die von mir verarbeiteten Daten werden nach Ma\u00dfgabe der Art. 17 und 18 DSGVO gel\u00f6scht oder in ihrer Verarbeitung eingeschr\u00e4nkt, solange der L\u00f6schung keine gesetzlichen Aufbewahrungspflichten entgegenstehen. Sofern die Daten nicht gel\u00f6scht werden, weil sie f\u00fcr andere und gesetzlich zul\u00e4ssige Zwecke erforderlich sind, wird deren Verarbeitung eingeschr\u00e4nkt. D.h. die Daten werden gesperrt und nicht f\u00fcr andere Zwecke verarbeitet. Das gilt z.B. f\u00fcr Daten, die aus handels- oder steuerrechtlichen Gr\u00fcnden aufbewahrt werden m\u00fcssen.<\/p>\n<p>Des weiteren besitzen Sie das Recht,<\/p>\n<ul>\n<li>Ihre Daten auf Nachfrage einsehen zu k\u00f6nnen<\/li>\n<li>Ihre Daten zu vervollst\u00e4ndigen bzw. zu berichtigen zu lassen<\/li>\n<li>Ihre Daten auf Nachfrage bei uns l\u00f6schen zu lassen<\/li>\n<\/ul>\n<p>&nbsp;<\/p>\n<p>Wenn Sie R\u00fcckfragen zu ihren gespeicherten personenbezogenen Daten haben melden Sie sich bitte bei mir.<\/p>\n<h2>Eingebettete Inhalte von anderen Websites<\/h2>\n<p>Beitr\u00e4ge auf dieser Website k\u00f6nnen eingebettete Inhalte beinhalten (z.\u00a0B. Videos, Bilder, Beitr\u00e4ge etc.). Eingebettete Inhalte (wie flickr, youtube, vimeo, google fonts) von anderen Websites verhalten sich exakt so, als ob der Besucher die andere Website besucht h\u00e4tte.<\/p>\n<p>Diese Websites k\u00f6nnen Daten \u00fcber dich sammeln, Cookies benutzen, zus\u00e4tzliche Tracking-Dienste von Dritten einbetten und deine Interaktion mit diesem eingebetteten Inhalt aufzeichnen, inklusive deiner Interaktion mit dem eingebetteten Inhalt, falls du ein Konto hast und auf dieser Website angemeldet bist.<\/p>\n<h3>Google Fonts<\/h3>\n<p>Wir binden die Schriftarten (\u201eGoogle Fonts\u201c) des Anbieters Google LLC, 1600 Amphitheatre Parkway, Mountain View, CA 94043, USA, ein. Dessen Datenschutzerkl\u00e4rung finden Sie unter https:\/\/www.google.com\/policies\/privacy\/<\/p>\n<h2>Analysedienste<\/h2>\n<p>Ich verwende keine Analysedienste und sende auch sonst keine Daten an Drittanbieter.<\/p>\n<h2 id=\"dsg-socialmedia\">Onlinepr\u00e4senzen in sozialen Medien<\/h2>\n<p><span class=\"ts-muster-content\">Wir unterhalten eine Onlinepr\u00e4senz bei facebook, um mit den dort aktiven Kunden, Interessenten und Nutzern kommunizieren und sie dort \u00fcber unsere Leistungen informieren zu k\u00f6nnen. Beim Aufruf dieser Seite gelten die Gesch\u00e4ftsbedingungen und die Datenverarbeitungsrichtlinien von facebook. Ich v<\/span>erarbeiten die Daten der Nutzer sofern diese mit uns innerhalb von facebook kommunizieren, z.B. Beitr\u00e4ge auf unseren Onlinepr\u00e4senzen verfassen oder uns Nachrichten zusenden.<\/p>\n<h2>Stand und Aktualisierung dieser Datenschutzerkla\u0308rung<\/h2>\n<p>Diese Datenschutzerkla\u0308rung hat den Stand vom 25. Mai 2018. Ich behalte mir vor, die Datenschutzerkla\u0308rung zu gegebener Zeit zu aktualisieren, um den Datenschutz zu verbessern und\/oder an gea\u0308nderte Beho\u0308rdenpraxis oder Rechtsprechung anzupassen.<\/p>\n","protected":false},"excerpt":{"rendered":"<p>Die Adresse meiner Website ist: https:\/\/unique-bicycles.de. Mein Name ist S\u00f6ren Marx, ich baue Stahlrahmen nach Ma\u00df und aus Leidenschaft. Mehr Informationen finden Sie im Impressum. Auch wenn diese Webseite nicht aktiv personenbezogenen Daten verarbeitet m\u00f6chte ich Sie auf folgende Punkte hinweisen. Grunds\u00e4tzlich gilt: Erst, wenn Sie mit mir Kontakt aufnehmen erhalte ich personenbezogene Daten wie [&hellip;]<\/p>\n","protected":false},"author":1,"featured_media":0,"parent":0,"menu_order":0,"comment_status":"closed","ping_status":"closed","template":"","meta":{"footnotes":""},"class_list":["post-492","page","type-page","status-publish","hentry"],"_links":{"self":[{"href":"https:\/\/unique-bicycles.de\/index.php?rest_route=\/wp\/v2\/pages\/492","targetHints":{"allow":["GET"]}}],"collection":[{"href":"https:\/\/unique-bicycles.de\/index.php?rest_route=\/wp\/v2\/pages"}],"about":[{"href":"https:\/\/unique-bicycles.de\/index.php?rest_route=\/wp\/v2\/types\/page"}],"author":[{"embeddable":true,"href":"https:\/\/unique-bicycles.de\/index.php?rest_route=\/wp\/v2\/users\/1"}],"replies":[{"embeddable":true,"href":"https:\/\/unique-bicycles.de\/index.php?rest_route=%2Fwp%2Fv2%2Fcomments&post=492"}],"version-history":[{"count":18,"href":"https:\/\/unique-bicycles.de\/index.php?rest_route=\/wp\/v2\/pages\/492\/revisions"}],"predecessor-version":[{"id":515,"href":"https:\/\/unique-bicycles.de\/index.php?rest_route=\/wp\/v2\/pages\/492\/revisions\/515"}],"wp:attachment":[{"href":"https:\/\/unique-bicycles.de\/index.php?rest_route=%2Fwp%2Fv2%2Fmedia&parent=492"}],"curies":[{"name":"wp","href":"https:\/\/api.w.org\/{rel}","templated":true}]}}